{"id":773,"date":"2021-01-09T19:04:48","date_gmt":"2021-01-09T18:04:48","guid":{"rendered":"http:\/\/ebu-baudeko.de\/NG\/?page_id=773"},"modified":"2021-06-15T20:47:28","modified_gmt":"2021-06-15T18:47:28","slug":"test","status":"publish","type":"page","link":"https:\/\/ebu-baudeko.de\/","title":{"rendered":"Startseite"},"content":{"rendered":"\t\t<div data-elementor-type=\"wp-page\" data-elementor-id=\"773\" class=\"elementor elementor-773\">\n\t\t\t\t\t\t\t\t\t<section class=\"elementor-section elementor-top-section elementor-element elementor-element-1dff73e elementor-section-boxed elementor-section-height-default elementor-section-height-default\" data-id=\"1dff73e\" data-element_type=\"section\">\n\t\t\t\t\t\t<div class=\"elementor-container elementor-column-gap-default\">\n\t\t\t\t\t<div class=\"elementor-column elementor-col-100 elementor-top-column elementor-element elementor-element-445511f\" data-id=\"445511f\" data-element_type=\"column\">\n\t\t\t<div class=\"elementor-widget-wrap elementor-element-populated\">\n\t\t\t\t\t\t\t\t<div class=\"elementor-element elementor-element-109f1d1 elementor-arrows-position-inside elementor-widget elementor-widget-image-carousel\" data-id=\"109f1d1\" data-element_type=\"widget\" data-settings=\"{&quot;slides_to_show&quot;:&quot;1&quot;,&quot;navigation&quot;:&quot;arrows&quot;,&quot;autoplay&quot;:&quot;yes&quot;,&quot;pause_on_hover&quot;:&quot;yes&quot;,&quot;pause_on_interaction&quot;:&quot;yes&quot;,&quot;autoplay_speed&quot;:5000,&quot;infinite&quot;:&quot;yes&quot;,&quot;effect&quot;:&quot;slide&quot;,&quot;speed&quot;:500}\" data-widget_type=\"image-carousel.default\">\n\t\t\t\t<div class=\"elementor-widget-container\">\n\t\t\t\t\t<div class=\"elementor-image-carousel-wrapper swiper-container\" dir=\"ltr\">\n\t\t\t<div class=\"elementor-image-carousel swiper-wrapper\" aria-live=\"off\">\n\t\t\t\t\t\t\t\t<div class=\"swiper-slide\" role=\"group\" aria-roledescription=\"slide\" aria-label=\"1 von 3\"><figure class=\"swiper-slide-inner\"><img decoding=\"async\" class=\"swiper-slide-image\" src=\"https:\/\/ebu-baudeko.de\/wp-content\/uploads\/2021\/01\/IMG-20200725-WA0000_-1.jpg\" alt=\"IMG-20200725-WA0000_\" \/><\/figure><\/div><div class=\"swiper-slide\" role=\"group\" aria-roledescription=\"slide\" aria-label=\"2 von 3\"><figure class=\"swiper-slide-inner\"><img decoding=\"async\" class=\"swiper-slide-image\" src=\"https:\/\/ebu-baudeko.de\/wp-content\/uploads\/2021\/01\/IMG-20201231-WA0014_-1.jpg\" alt=\"IMG-20201231-WA0014_\" \/><\/figure><\/div><div class=\"swiper-slide\" role=\"group\" aria-roledescription=\"slide\" aria-label=\"3 von 3\"><figure class=\"swiper-slide-inner\"><img decoding=\"async\" class=\"swiper-slide-image\" src=\"https:\/\/ebu-baudeko.de\/wp-content\/uploads\/2021\/01\/IMG-20200529-WA0012_-1.jpg\" alt=\"IMG-20200529-WA0012_\" \/><\/figure><\/div>\t\t\t<\/div>\n\t\t\t\t\t\t\t\t\t\t\t\t<div class=\"elementor-swiper-button elementor-swiper-button-prev\" role=\"button\" tabindex=\"0\">\n\t\t\t\t\t\t<i aria-hidden=\"true\" class=\"eicon-chevron-left\"><\/i>\t\t\t\t\t<\/div>\n\t\t\t\t\t<div class=\"elementor-swiper-button elementor-swiper-button-next\" role=\"button\" tabindex=\"0\">\n\t\t\t\t\t\t<i aria-hidden=\"true\" class=\"eicon-chevron-right\"><\/i>\t\t\t\t\t<\/div>\n\t\t\t\t\n\t\t\t\t\t\t\t\t\t<\/div>\n\t\t\t\t<\/div>\n\t\t\t\t<\/div>\n\t\t\t\t\t<\/div>\n\t\t<\/div>\n\t\t\t\t\t\t\t<\/div>\n\t\t<\/section>\n\t\t\t\t<section class=\"elementor-section elementor-top-section elementor-element elementor-element-4b6bb65 elementor-section-height-min-height elementor-section-boxed elementor-section-height-default elementor-section-items-middle\" data-id=\"4b6bb65\" data-element_type=\"section\">\n\t\t\t\t\t\t\t<div class=\"elementor-background-overlay\"><\/div>\n\t\t\t\t\t\t\t<div class=\"elementor-container elementor-column-gap-default\">\n\t\t\t\t\t<div class=\"elementor-column elementor-col-100 elementor-top-column elementor-element elementor-element-adf61f7\" data-id=\"adf61f7\" data-element_type=\"column\">\n\t\t\t<div class=\"elementor-widget-wrap\">\n\t\t\t\t\t\t\t\t\t<\/div>\n\t\t<\/div>\n\t\t\t\t\t\t\t<\/div>\n\t\t<\/section>\n\t\t\t\t<section class=\"elementor-section elementor-top-section elementor-element elementor-element-2525459 elementor-section-boxed elementor-section-height-default elementor-section-height-default\" data-id=\"2525459\" data-element_type=\"section\">\n\t\t\t\t\t\t<div class=\"elementor-container elementor-column-gap-default\">\n\t\t\t\t\t<div class=\"elementor-column elementor-col-100 elementor-top-column elementor-element elementor-element-8c3dc0f\" data-id=\"8c3dc0f\" data-element_type=\"column\" data-settings=\"{&quot;background_background&quot;:&quot;classic&quot;}\">\n\t\t\t<div class=\"elementor-widget-wrap elementor-element-populated\">\n\t\t\t\t\t\t\t\t<div class=\"elementor-element elementor-element-3dee1af elementor-position-left elementor-vertical-align-top elementor-widget elementor-widget-image-box\" data-id=\"3dee1af\" data-element_type=\"widget\" data-widget_type=\"image-box.default\">\n\t\t\t\t<div class=\"elementor-widget-container\">\n\t\t\t<div class=\"elementor-image-box-wrapper\"><figure class=\"elementor-image-box-img\"><img fetchpriority=\"high\" decoding=\"async\" width=\"1600\" height=\"1200\" src=\"https:\/\/ebu-baudeko.de\/wp-content\/uploads\/2021\/01\/IMG-20201231-WA0014_.jpg\" class=\"attachment-full size-full wp-image-934\" alt=\"\" srcset=\"https:\/\/ebu-baudeko.de\/wp-content\/uploads\/2021\/01\/IMG-20201231-WA0014_.jpg 1600w, https:\/\/ebu-baudeko.de\/wp-content\/uploads\/2021\/01\/IMG-20201231-WA0014_-300x225.jpg 300w, https:\/\/ebu-baudeko.de\/wp-content\/uploads\/2021\/01\/IMG-20201231-WA0014_-1024x768.jpg 1024w, https:\/\/ebu-baudeko.de\/wp-content\/uploads\/2021\/01\/IMG-20201231-WA0014_-768x576.jpg 768w, https:\/\/ebu-baudeko.de\/wp-content\/uploads\/2021\/01\/IMG-20201231-WA0014_-1536x1152.jpg 1536w, https:\/\/ebu-baudeko.de\/wp-content\/uploads\/2021\/01\/IMG-20201231-WA0014_-1x1.jpg 1w\" sizes=\"(max-width: 1600px) 100vw, 1600px\" \/><\/figure><div class=\"elementor-image-box-content\"><h3 class=\"elementor-image-box-title\">Willkommen bei EBU Baudekoration GmbH<\/h3><p class=\"elementor-image-box-description\">Die EBU Baudekoration GmbH bietet als Fachbetrieb ein breites Leistungsangebot f\u00fcr den anspruchvolen Ausbau sowie Umbau von Innen- und Au\u00dfenbereichen Trockenbau, s\u00e4mtliche Verputz-, Tapezier-, sowie Maler und Lackierarbeiten an. <br>Als eingetragener Meisterbetrieb der Malerinnung erbringt die Firma EBU Baudekoration GmbH dar\u00fcber hinaus Handwerksleistungen im Bereich der dekorativen Oberfl\u00e4chengestaltung und Au\u00dfenputzarbeiten an.<\/p><\/div><\/div>\t\t<\/div>\n\t\t\t\t<\/div>\n\t\t\t\t\t<\/div>\n\t\t<\/div>\n\t\t\t\t\t\t\t<\/div>\n\t\t<\/section>\n\t\t\t\t<section class=\"elementor-section elementor-top-section elementor-element elementor-element-4eea116 elementor-section-boxed elementor-section-height-default elementor-section-height-default\" data-id=\"4eea116\" data-element_type=\"section\">\n\t\t\t\t\t\t\t<div class=\"elementor-background-overlay\"><\/div>\n\t\t\t\t\t\t\t<div class=\"elementor-container elementor-column-gap-default\">\n\t\t\t\t\t<div class=\"elementor-column elementor-col-100 elementor-top-column elementor-element elementor-element-56dcae9\" data-id=\"56dcae9\" data-element_type=\"column\" data-settings=\"{&quot;background_background&quot;:&quot;classic&quot;}\">\n\t\t\t<div class=\"elementor-widget-wrap elementor-element-populated\">\n\t\t\t\t\t\t\t\t<div class=\"elementor-element elementor-element-12fc34f elementor-position-right elementor-vertical-align-top elementor-widget elementor-widget-image-box\" data-id=\"12fc34f\" data-element_type=\"widget\" data-widget_type=\"image-box.default\">\n\t\t\t\t<div class=\"elementor-widget-container\">\n\t\t\t<div class=\"elementor-image-box-wrapper\"><figure class=\"elementor-image-box-img\"><img decoding=\"async\" width=\"1600\" height=\"1200\" src=\"https:\/\/ebu-baudeko.de\/wp-content\/uploads\/2021\/01\/IMG-20200529-WA0012_-1.jpg\" class=\"attachment-full size-full wp-image-977\" alt=\"\" srcset=\"https:\/\/ebu-baudeko.de\/wp-content\/uploads\/2021\/01\/IMG-20200529-WA0012_-1.jpg 1600w, https:\/\/ebu-baudeko.de\/wp-content\/uploads\/2021\/01\/IMG-20200529-WA0012_-1-300x225.jpg 300w, https:\/\/ebu-baudeko.de\/wp-content\/uploads\/2021\/01\/IMG-20200529-WA0012_-1-1024x768.jpg 1024w, https:\/\/ebu-baudeko.de\/wp-content\/uploads\/2021\/01\/IMG-20200529-WA0012_-1-768x576.jpg 768w, https:\/\/ebu-baudeko.de\/wp-content\/uploads\/2021\/01\/IMG-20200529-WA0012_-1-1536x1152.jpg 1536w, https:\/\/ebu-baudeko.de\/wp-content\/uploads\/2021\/01\/IMG-20200529-WA0012_-1-1x1.jpg 1w\" sizes=\"(max-width: 1600px) 100vw, 1600px\" \/><\/figure><div class=\"elementor-image-box-content\"><h3 class=\"elementor-image-box-title\">Handwerk in Perfektion<\/h3><p class=\"elementor-image-box-description\">Auf dem Fachgebiet der Fassadensanierung und der fachgerechte Ausf\u00fchrung qualitativ hochwertiger W\u00e4rmed\u00e4mmverbundsysteme sind wir als  Malerfachbetrieb st\u00e4ndig auf dem neusten Stand der  Energieeinsparverordnung (EnEV).  F\u00fcr die farbliche Gestaltung von Innenr\u00e4umen verf\u00fcgen wir \u00fcber eine  Farbmischanlage und beraten zu umweltschonenden Anstrichmaterialien auch  in besonders sensiblen Bereichen, so z.B. mit l\u00f6semittelfreien und  geruchsmilden Materialien.<\/p><\/div><\/div>\t\t<\/div>\n\t\t\t\t<\/div>\n\t\t\t\t\t<\/div>\n\t\t<\/div>\n\t\t\t\t\t\t\t<\/div>\n\t\t<\/section>\n\t\t\t\t<section class=\"elementor-section elementor-top-section elementor-element elementor-element-bfe7765 elementor-section-boxed elementor-section-height-default elementor-section-height-default\" data-id=\"bfe7765\" data-element_type=\"section\">\n\t\t\t\t\t\t<div class=\"elementor-container elementor-column-gap-default\">\n\t\t\t\t\t<div class=\"elementor-column elementor-col-100 elementor-top-column elementor-element elementor-element-32d4ead\" data-id=\"32d4ead\" data-element_type=\"column\">\n\t\t\t<div class=\"elementor-widget-wrap elementor-element-populated\">\n\t\t\t\t\t\t\t\t<div class=\"elementor-element elementor-element-183585e elementor-widget-divider--view-line_text elementor-widget-divider--element-align-center elementor-widget elementor-widget-divider\" data-id=\"183585e\" data-element_type=\"widget\" data-widget_type=\"divider.default\">\n\t\t\t\t<div class=\"elementor-widget-container\">\n\t\t\t\t\t<div class=\"elementor-divider\">\n\t\t\t<span class=\"elementor-divider-separator\">\n\t\t\t\t\t\t\t<span class=\"elementor-divider__text elementor-divider__element\">\n\t\t\t\t<b>Ihr Meisterbetrieb seit 1999<\/b>\t\t\t\t<\/span>\n\t\t\t\t\t\t<\/span>\n\t\t<\/div>\n\t\t\t\t<\/div>\n\t\t\t\t<\/div>\n\t\t\t\t\t<\/div>\n\t\t<\/div>\n\t\t\t\t\t\t\t<\/div>\n\t\t<\/section>\n\t\t\t\t<section class=\"elementor-section elementor-top-section elementor-element elementor-element-5016444 elementor-section-boxed elementor-section-height-default elementor-section-height-default\" data-id=\"5016444\" data-element_type=\"section\">\n\t\t\t\t\t\t<div class=\"elementor-container elementor-column-gap-default\">\n\t\t\t\t\t<div class=\"elementor-column elementor-col-33 elementor-top-column elementor-element elementor-element-ef375d4\" data-id=\"ef375d4\" data-element_type=\"column\">\n\t\t\t<div class=\"elementor-widget-wrap elementor-element-populated\">\n\t\t\t\t\t\t\t\t<div class=\"elementor-element elementor-element-01d65c0 elementor-position-top elementor-widget elementor-widget-image-box\" data-id=\"01d65c0\" data-element_type=\"widget\" data-widget_type=\"image-box.default\">\n\t\t\t\t<div class=\"elementor-widget-container\">\n\t\t\t<div class=\"elementor-image-box-wrapper\"><figure class=\"elementor-image-box-img\"><img decoding=\"async\" width=\"150\" height=\"150\" src=\"https:\/\/ebu-baudeko.de\/wp-content\/uploads\/2021\/03\/farbrolle-150x150.png\" class=\"elementor-animation-shrink attachment-thumbnail size-thumbnail wp-image-1071\" alt=\"\" srcset=\"https:\/\/ebu-baudeko.de\/wp-content\/uploads\/2021\/03\/farbrolle-150x150.png 150w, https:\/\/ebu-baudeko.de\/wp-content\/uploads\/2021\/03\/farbrolle-300x300.png 300w, https:\/\/ebu-baudeko.de\/wp-content\/uploads\/2021\/03\/farbrolle-1x1.png 1w, https:\/\/ebu-baudeko.de\/wp-content\/uploads\/2021\/03\/farbrolle.png 640w\" sizes=\"(max-width: 150px) 100vw, 150px\" \/><\/figure><div class=\"elementor-image-box-content\"><h3 class=\"elementor-image-box-title\">Leistungsstark<\/h3><p class=\"elementor-image-box-description\">Mit h\u00f6chsten Anspr\u00fcchen an die eigene Arbeit, umfasst unser Angebot ein breites Spektrum an Leistungen aus einer Hand.<\/p><\/div><\/div>\t\t<\/div>\n\t\t\t\t<\/div>\n\t\t\t\t\t<\/div>\n\t\t<\/div>\n\t\t\t\t<div class=\"elementor-column elementor-col-33 elementor-top-column elementor-element elementor-element-54bbfa6\" data-id=\"54bbfa6\" data-element_type=\"column\">\n\t\t\t<div class=\"elementor-widget-wrap elementor-element-populated\">\n\t\t\t\t\t\t\t\t<div class=\"elementor-element elementor-element-4b27c8c elementor-position-top elementor-widget elementor-widget-image-box\" data-id=\"4b27c8c\" data-element_type=\"widget\" data-widget_type=\"image-box.default\">\n\t\t\t\t<div class=\"elementor-widget-container\">\n\t\t\t<div class=\"elementor-image-box-wrapper\"><figure class=\"elementor-image-box-img\"><img loading=\"lazy\" decoding=\"async\" width=\"150\" height=\"150\" src=\"https:\/\/ebu-baudeko.de\/wp-content\/uploads\/2021\/03\/dokument-150x150.png\" class=\"elementor-animation-shrink attachment-thumbnail size-thumbnail wp-image-1072\" alt=\"\" srcset=\"https:\/\/ebu-baudeko.de\/wp-content\/uploads\/2021\/03\/dokument-150x150.png 150w, https:\/\/ebu-baudeko.de\/wp-content\/uploads\/2021\/03\/dokument-300x300.png 300w, https:\/\/ebu-baudeko.de\/wp-content\/uploads\/2021\/03\/dokument-1x1.png 1w, https:\/\/ebu-baudeko.de\/wp-content\/uploads\/2021\/03\/dokument.png 640w\" sizes=\"(max-width: 150px) 100vw, 150px\" \/><\/figure><div class=\"elementor-image-box-content\"><h3 class=\"elementor-image-box-title\">Kompetent<\/h3><p class=\"elementor-image-box-description\">Wir bieten unsere Leistungen f\u00fcr Privatpersonen, Baugenossenschaften, Architekten und Kommunen an.<\/p><\/div><\/div>\t\t<\/div>\n\t\t\t\t<\/div>\n\t\t\t\t\t<\/div>\n\t\t<\/div>\n\t\t\t\t<div class=\"elementor-column elementor-col-33 elementor-top-column elementor-element elementor-element-8991eff\" data-id=\"8991eff\" data-element_type=\"column\">\n\t\t\t<div class=\"elementor-widget-wrap elementor-element-populated\">\n\t\t\t\t\t\t\t\t<div class=\"elementor-element elementor-element-b66ae75 elementor-position-top elementor-widget elementor-widget-image-box\" data-id=\"b66ae75\" data-element_type=\"widget\" data-widget_type=\"image-box.default\">\n\t\t\t\t<div class=\"elementor-widget-container\">\n\t\t\t<div class=\"elementor-image-box-wrapper\"><figure class=\"elementor-image-box-img\"><img loading=\"lazy\" decoding=\"async\" width=\"150\" height=\"150\" src=\"https:\/\/ebu-baudeko.de\/wp-content\/uploads\/2021\/03\/uhr-150x150.png\" class=\"elementor-animation-shrink attachment-thumbnail size-thumbnail wp-image-1073\" alt=\"\" srcset=\"https:\/\/ebu-baudeko.de\/wp-content\/uploads\/2021\/03\/uhr-150x150.png 150w, https:\/\/ebu-baudeko.de\/wp-content\/uploads\/2021\/03\/uhr-300x300.png 300w, https:\/\/ebu-baudeko.de\/wp-content\/uploads\/2021\/03\/uhr-1x1.png 1w, https:\/\/ebu-baudeko.de\/wp-content\/uploads\/2021\/03\/uhr.png 640w\" sizes=\"(max-width: 150px) 100vw, 150px\" \/><\/figure><div class=\"elementor-image-box-content\"><h3 class=\"elementor-image-box-title\">Zuverl\u00e4ssig<\/h3><p class=\"elementor-image-box-description\">Als Meisterbetrieb geh\u00f6ren Qualit\u00e4t, Zuverl\u00e4ssigkeit, Kundenzufriedenheit und Termintreue zu unseren Grundwerten.<\/p><\/div><\/div>\t\t<\/div>\n\t\t\t\t<\/div>\n\t\t\t\t\t<\/div>\n\t\t<\/div>\n\t\t\t\t\t\t\t<\/div>\n\t\t<\/section>\n\t\t\t\t<section class=\"elementor-section elementor-top-section elementor-element elementor-element-09569a5 elementor-section-boxed elementor-section-height-default elementor-section-height-default\" data-id=\"09569a5\" data-element_type=\"section\">\n\t\t\t\t\t\t<div class=\"elementor-container elementor-column-gap-default\">\n\t\t\t\t\t<div class=\"elementor-column elementor-col-100 elementor-top-column elementor-element elementor-element-be3b792\" data-id=\"be3b792\" data-element_type=\"column\">\n\t\t\t<div class=\"elementor-widget-wrap elementor-element-populated\">\n\t\t\t\t\t\t\t\t<div class=\"elementor-element elementor-element-1f9476e elementor-widget-divider--view-line_text elementor-widget-divider--element-align-center elementor-widget elementor-widget-divider\" data-id=\"1f9476e\" data-element_type=\"widget\" data-widget_type=\"divider.default\">\n\t\t\t\t<div class=\"elementor-widget-container\">\n\t\t\t\t\t<div class=\"elementor-divider\">\n\t\t\t<span class=\"elementor-divider-separator\">\n\t\t\t\t\t\t<\/span>\n\t\t<\/div>\n\t\t\t\t<\/div>\n\t\t\t\t<\/div>\n\t\t\t\t\t<\/div>\n\t\t<\/div>\n\t\t\t\t\t\t\t<\/div>\n\t\t<\/section>\n\t\t\t\t<section class=\"elementor-section elementor-top-section elementor-element elementor-element-514436e elementor-section-boxed elementor-section-height-default elementor-section-height-default\" data-id=\"514436e\" data-element_type=\"section\">\n\t\t\t\t\t\t<div class=\"elementor-container elementor-column-gap-default\">\n\t\t\t\t\t<div class=\"elementor-column elementor-col-100 elementor-top-column elementor-element elementor-element-9b7077e\" data-id=\"9b7077e\" data-element_type=\"column\">\n\t\t\t<div class=\"elementor-widget-wrap elementor-element-populated\">\n\t\t\t\t\t\t\t\t<div class=\"elementor-element elementor-element-84cccbd elementor-widget elementor-widget-testimonial\" data-id=\"84cccbd\" data-element_type=\"widget\" data-widget_type=\"testimonial.default\">\n\t\t\t\t<div class=\"elementor-widget-container\">\n\t\t\t\t\t<div class=\"elementor-testimonial-wrapper\">\n\t\t\t\t\t\t\t<div class=\"elementor-testimonial-content\">Mit neusten Materialien, modernen Arbeitsmitteln und traditionellen Techniken gestalten wir nicht nur zweckm\u00e4\u00dfige, <br>sondern attraktive Wohn- und Gesch\u00e4ftsbereiche.<\/div>\n\t\t\t\n\t\t\t\t\t\t<div class=\"elementor-testimonial-meta elementor-has-image elementor-testimonial-image-position-aside\">\n\t\t\t\t<div class=\"elementor-testimonial-meta-inner\">\n\t\t\t\t\t\t\t\t\t\t\t<div class=\"elementor-testimonial-image\">\n\t\t\t\t\t\t\t<img loading=\"lazy\" decoding=\"async\" width=\"120\" height=\"120\" src=\"https:\/\/ebu-baudeko.de\/wp-content\/uploads\/2021\/03\/ertan.png\" class=\"attachment-full size-full wp-image-1199\" alt=\"\" srcset=\"https:\/\/ebu-baudeko.de\/wp-content\/uploads\/2021\/03\/ertan.png 120w, https:\/\/ebu-baudeko.de\/wp-content\/uploads\/2021\/03\/ertan-1x1.png 1w\" sizes=\"(max-width: 120px) 100vw, 120px\" \/>\t\t\t\t\t\t<\/div>\n\t\t\t\t\t\n\t\t\t\t\t\t\t\t\t\t<div class=\"elementor-testimonial-details\">\n\t\t\t\t\t\t\t\t\t\t\t\t\t\t<div class=\"elementor-testimonial-name\">Ertan Bugday<\/div>\n\t\t\t\t\t\t\t\t\t\t\t\t\t\t\t\t\t\t\t\t\t\t<div class=\"elementor-testimonial-job\">Inhaber zweiter Generation<\/div>\n\t\t\t\t\t\t\t\t\t\t\t\t\t<\/div>\n\t\t\t\t\t\t\t\t\t<\/div>\n\t\t\t<\/div>\n\t\t\t\t\t<\/div>\n\t\t\t\t<\/div>\n\t\t\t\t<\/div>\n\t\t\t\t\t<\/div>\n\t\t<\/div>\n\t\t\t\t\t\t\t<\/div>\n\t\t<\/section>\n\t\t\t\t<section class=\"elementor-section elementor-top-section elementor-element elementor-element-243145c elementor-section-boxed elementor-section-height-default elementor-section-height-default\" data-id=\"243145c\" data-element_type=\"section\" data-settings=\"{&quot;background_background&quot;:&quot;classic&quot;,&quot;shape_divider_top&quot;:&quot;drops&quot;}\">\n\t\t\t\t\t<div class=\"elementor-shape elementor-shape-top\" data-negative=\"false\">\n\t\t\t<svg xmlns=\"http:\/\/www.w3.org\/2000\/svg\" height=\"100%\" viewBox=\"0 0 283.5 27.8\" preserveAspectRatio=\"xMidYMax slice\">\n\t<path class=\"elementor-shape-fill\" d=\"M0 0v1.4c.6.7 1.1 1.4 1.4 2 2 3.8 2.2 6.6 1.8 10.8-.3 3.3-2.4 9.4 0 12.3 1.7 2 3.7 1.4 4.6-.9 1.4-3.8-.7-8.2-.6-12 .1-3.7 3.2-5.5 6.9-4.9 4 .6 4.8 4 4.9 7.4.1 1.8-1.1 7 0 8.5.6.8 1.6 1.2 2.4.5 1.4-1.1.1-5.4.1-6.9.1-3.7.3-8.6 4.1-10.5 5-2.5 6.2 1.6 5.4 5.6-.4 1.7-1 9.2 2.9 6.3 1.5-1.1.7-3.5.5-4.9-.4-2.4-.4-4.3 1-6.5.9-1.4 2.4-3.1 4.2-3 2.4.1 2.7 2.2 4 3.7 1.5 1.8 1.8 2.2 3 .1 1.1-1.9 1.2-2.8 3.6-3.3 1.3-.3 4.8-1.4 5.9-.5 1.5 1.1.6 2.8.4 4.3-.2 1.1-.6 4 1.8 3.4 1.7-.4-.3-4.1.6-5.6 1.3-2.2 5.8-1.4 7 .5 1.3 2.1.5 5.8.1 8.1s-1.2 5-.6 7.4c1.3 5.1 4.4.9 4.3-2.4-.1-4.4-2-8.8-.5-13 .9-2.4 4.6-6.6 7.7-4.5 2.7 1.8.5 7.8.2 10.3-.2 1.7-.8 4.6.2 6.2.9 1.4 2 1.5 2.6-.3.5-1.5-.9-4.5-1-6.1-.2-1.7-.4-3.7.2-5.4 1.8-5.6 3.5 2.4 6.3.6 1.4-.9 4.3-9.4 6.1-3.1.6 2.2-1.3 7.8.7 8.9 4.2 2.3 1.5-7.1 2.2-8 3.1-4 4.7 3.8 6.1 4.1 3.1.7 2.8-7.9 8.1-4.5 1.7 1.1 2.9 3.3 3.2 5.2.4 2.2-1 4.5-.6 6.6 1 4.3 4.4 1.5 4.4-1.7 0-2.7-3-8.3 1.4-9.1 4.4-.9 7.3 3.5 7.8 6.9.3 2-1.5 10.9 1.3 11.3 4.1.6-3.2-15.7 4.8-15.8 4.7-.1 2.8 4.1 3.9 6.6 1 2.4 2.1 1 2.3-.8.3-1.9-.9-3.2 1.3-4.3 5.9-2.9 5.9 5.4 5.5 8.5-.3 2-1.7 8.4 2 8.1 6.9-.5-2.8-16.9 4.8-18.7 4.7-1.2 6.1 3.6 6.3 7.1.1 1.7-1.2 8.1.6 9.1 3.5 2 1.9-7 2-8.4.2-4 1.2-9.6 6.4-9.8 4.7-.2 3.2 4.6 2.7 7.5-.4 2.2 1.3 8.6 3.8 4.4 1.1-1.9-.3-4.1-.3-6 0-1.7.4-3.2 1.3-4.6 1-1.6 2.9-3.5 5.1-2.9 2.5.6 2.3 4.1 4.1 4.9 1.9.8 1.6-.9 2.3-2.1 1.2-2.1 2.1-2.1 4.4-2.4 1.4-.2 3.6-1.5 4.9-.5 2.3 1.7-.7 4.4.1 6.5.6 1.5 2.1 1.7 2.8.3.7-1.4-1.1-3.4-.3-4.8 1.4-2.5 6.2-1.2 7.2 1 2.3 4.8-3.3 12-.2 16.3 3 4.1 3.9-2.8 3.8-4.8-.4-4.3-2.1-8.9 0-13.1 1.3-2.5 5.9-5.7 7.9-2.4 2 3.2-1.3 9.8-.8 13.4.5 4.4 3.5 3.3 2.7-.8-.4-1.9-2.4-10 .6-11.1 3.7-1.4 2.8 7.2 6.5.4 2.2-4.1 4.9-3.1 5.2 1.2.1 1.5-.6 3.1-.4 4.6.2 1.9 1.8 3.7 3.3 1.3 1-1.6-2.6-10.4 2.9-7.3 2.6 1.5 1.6 6.5 4.8 2.7 1.3-1.5 1.7-3.6 4-3.7 2.2-.1 4 2.3 4.8 4.1 1.3 2.9-1.5 8.4.9 10.3 4.2 3.3 3-5.5 2.7-6.9-.6-3.9 1-7.2 5.5-5 4.1 2.1 4.3 7.7 4.1 11.6 0 .8-.6 9.5 2.5 5.2 1.2-1.7-.1-7.7.1-9.6.3-2.9 1.2-5.5 4.3-6.2 4.5-1 7.7 1.5 7.4 5.8-.2 3.5-1.8 7.7-.5 11.1 1 2.7 3.6 2.8 5 .2 1.6-3.1 0-8.3-.4-11.6-.4-4.2-.2-7 1.8-10.8 0 0-.1.1-.1.2-.2.4-.3.7-.4.8v.1c-.1.2-.1.2 0 0v-.1l.4-.8c0-.1.1-.1.1-.2.2-.4.5-.8.8-1.2V0H0zM282.7 3.4z\"\/>\n<\/svg>\t\t<\/div>\n\t\t\t\t\t<div class=\"elementor-container elementor-column-gap-default\">\n\t\t\t\t\t<div class=\"elementor-column elementor-col-100 elementor-top-column elementor-element elementor-element-e9e550f\" data-id=\"e9e550f\" data-element_type=\"column\">\n\t\t\t<div class=\"elementor-widget-wrap elementor-element-populated\">\n\t\t\t\t\t\t\t\t<div class=\"elementor-element elementor-element-5d2ec7a elementor-widget elementor-widget-spacer\" data-id=\"5d2ec7a\" data-element_type=\"widget\" data-widget_type=\"spacer.default\">\n\t\t\t\t<div class=\"elementor-widget-container\">\n\t\t\t\t\t<div class=\"elementor-spacer\">\n\t\t\t<div class=\"elementor-spacer-inner\"><\/div>\n\t\t<\/div>\n\t\t\t\t<\/div>\n\t\t\t\t<\/div>\n\t\t\t\t<div class=\"elementor-element elementor-element-f0cefba elementor-widget elementor-widget-text-editor\" data-id=\"f0cefba\" data-element_type=\"widget\" data-widget_type=\"text-editor.default\">\n\t\t\t\t<div class=\"elementor-widget-container\">\n\t\t\t\t\t\t\t<p>\u00a0<\/p><div>\u00a0<\/div><div>Die EBU Baudekoration GmbH versteht sich, seit ihrer Gr\u00fcndung im Jahr 1999, als modernes und kundenorientiertes Unternehmen. Durch die jahrelang gesammelten Erfahrungen, haben wir uns auf viele Bereiche der Baudekoration spezialisiert. Mit neusten Techniken, und unter Verwendung von hochwertigen Materialien, k\u00f6nnen wir Ihnen ein gro\u00dfes Leistungsangebot zu fairen Preisen anbieten. Unsere fachgerecht durchgef\u00fchrten Arbeiten \u00fcberzeugen seit Jahren durch Qualit\u00e4t aus Meisterhand.<\/div>\t\t\t\t\t\t<\/div>\n\t\t\t\t<\/div>\n\t\t\t\t\t<\/div>\n\t\t<\/div>\n\t\t\t\t\t\t\t<\/div>\n\t\t<\/section>\n\t\t\t\t\t\t\t<\/div>\n\t\t","protected":false},"excerpt":{"rendered":"<p>Zur\u00fcck Weiter Willkommen bei EBU Baudekoration GmbH Die EBU Baudekoration GmbH bietet als Fachbetrieb ein breites Leistungsangebot f\u00fcr den anspruchvolen Ausbau sowie Umbau von Innen- und Au\u00dfenbereichen Trockenbau, s\u00e4mtliche Verputz-, Tapezier-, sowie Maler und Lackierarbeiten an. Als eingetragener Meisterbetrieb der Malerinnung erbringt die Firma EBU Baudekoration GmbH dar\u00fcber hinaus Handwerksleistungen im Bereich der dekorativen Oberfl\u00e4chengestaltung&#8230;<\/p>\n","protected":false},"author":1,"featured_media":0,"parent":0,"menu_order":0,"comment_status":"closed","ping_status":"closed","template":"elementor_header_footer","meta":{"footnotes":""},"aioseo_notices":[],"_links":{"self":[{"href":"https:\/\/ebu-baudeko.de\/index.php?rest_route=\/wp\/v2\/pages\/773"}],"collection":[{"href":"https:\/\/ebu-baudeko.de\/index.php?rest_route=\/wp\/v2\/pages"}],"about":[{"href":"https:\/\/ebu-baudeko.de\/index.php?rest_route=\/wp\/v2\/types\/page"}],"author":[{"embeddable":true,"href":"https:\/\/ebu-baudeko.de\/index.php?rest_route=\/wp\/v2\/users\/1"}],"replies":[{"embeddable":true,"href":"https:\/\/ebu-baudeko.de\/index.php?rest_route=%2Fwp%2Fv2%2Fcomments&post=773"}],"version-history":[{"count":178,"href":"https:\/\/ebu-baudeko.de\/index.php?rest_route=\/wp\/v2\/pages\/773\/revisions"}],"predecessor-version":[{"id":1321,"href":"https:\/\/ebu-baudeko.de\/index.php?rest_route=\/wp\/v2\/pages\/773\/revisions\/1321"}],"wp:attachment":[{"href":"https:\/\/ebu-baudeko.de\/index.php?rest_route=%2Fwp%2Fv2%2Fmedia&parent=773"}],"curies":[{"name":"wp","href":"https:\/\/api.w.org\/{rel}","templated":true}]}}