{"id":283,"date":"2020-05-17T15:21:26","date_gmt":"2020-05-17T15:21:26","guid":{"rendered":"http:\/\/ebu-baudeko.de\/NG\/?page_id=283"},"modified":"2021-01-12T23:00:13","modified_gmt":"2021-01-12T22:00:13","slug":"leistungen","status":"publish","type":"page","link":"https:\/\/ebu-baudeko.de\/?page_id=283","title":{"rendered":"Leistungen"},"content":{"rendered":"\t\t<div data-elementor-type=\"wp-page\" data-elementor-id=\"283\" class=\"elementor elementor-283\">\n\t\t\t\t\t\t\t\t\t<section class=\"elementor-section elementor-top-section elementor-element elementor-element-e639da8 elementor-section-boxed elementor-section-height-default elementor-section-height-default\" data-id=\"e639da8\" data-element_type=\"section\">\n\t\t\t\t\t\t<div class=\"elementor-container elementor-column-gap-default\">\n\t\t\t\t\t<div class=\"elementor-column elementor-col-100 elementor-top-column elementor-element elementor-element-8f2f820\" data-id=\"8f2f820\" data-element_type=\"column\">\n\t\t\t<div class=\"elementor-widget-wrap elementor-element-populated\">\n\t\t\t\t\t\t\t\t<div class=\"elementor-element elementor-element-6527671 elementor-widget elementor-widget-image\" data-id=\"6527671\" data-element_type=\"widget\" data-widget_type=\"image.default\">\n\t\t\t\t<div class=\"elementor-widget-container\">\n\t\t\t\t\t\t\t\t\t\t\t\t\t\t\t<img fetchpriority=\"high\" decoding=\"async\" width=\"1040\" height=\"400\" src=\"https:\/\/ebu-baudeko.de\/wp-content\/uploads\/2021\/01\/leistungen.jpg\" class=\"attachment-full size-full wp-image-940\" alt=\"\" srcset=\"https:\/\/ebu-baudeko.de\/wp-content\/uploads\/2021\/01\/leistungen.jpg 1040w, https:\/\/ebu-baudeko.de\/wp-content\/uploads\/2021\/01\/leistungen-300x115.jpg 300w, https:\/\/ebu-baudeko.de\/wp-content\/uploads\/2021\/01\/leistungen-1024x394.jpg 1024w, https:\/\/ebu-baudeko.de\/wp-content\/uploads\/2021\/01\/leistungen-768x295.jpg 768w, https:\/\/ebu-baudeko.de\/wp-content\/uploads\/2021\/01\/leistungen-3x1.jpg 3w\" sizes=\"(max-width: 1040px) 100vw, 1040px\" \/>\t\t\t\t\t\t\t\t\t\t\t\t\t\t\t<\/div>\n\t\t\t\t<\/div>\n\t\t\t\t<div class=\"elementor-element elementor-element-500e7b7 elementor-widget elementor-widget-spacer\" data-id=\"500e7b7\" data-element_type=\"widget\" data-widget_type=\"spacer.default\">\n\t\t\t\t<div class=\"elementor-widget-container\">\n\t\t\t\t\t<div class=\"elementor-spacer\">\n\t\t\t<div class=\"elementor-spacer-inner\"><\/div>\n\t\t<\/div>\n\t\t\t\t<\/div>\n\t\t\t\t<\/div>\n\t\t\t\t\t<\/div>\n\t\t<\/div>\n\t\t\t\t\t\t\t<\/div>\n\t\t<\/section>\n\t\t\t\t<section class=\"elementor-section elementor-top-section elementor-element elementor-element-b340e47 elementor-section-boxed elementor-section-height-default elementor-section-height-default\" data-id=\"b340e47\" data-element_type=\"section\" data-settings=\"{&quot;background_background&quot;:&quot;classic&quot;}\">\n\t\t\t\t\t\t<div class=\"elementor-container elementor-column-gap-default\">\n\t\t\t\t\t<div class=\"elementor-column elementor-col-20 elementor-top-column elementor-element elementor-element-d049997\" data-id=\"d049997\" data-element_type=\"column\">\n\t\t\t<div class=\"elementor-widget-wrap elementor-element-populated\">\n\t\t\t\t\t\t\t\t<div class=\"elementor-element elementor-element-61b08d3 elementor-position-top elementor-widget elementor-widget-image-box\" data-id=\"61b08d3\" data-element_type=\"widget\" data-widget_type=\"image-box.default\">\n\t\t\t\t<div class=\"elementor-widget-container\">\n\t\t\t<div class=\"elementor-image-box-wrapper\"><figure class=\"elementor-image-box-img\"><img decoding=\"async\" width=\"150\" height=\"150\" src=\"https:\/\/ebu-baudeko.de\/wp-content\/uploads\/2021\/01\/IMG-20200529-WA0012_-150x150.jpg\" class=\"attachment-thumbnail size-thumbnail wp-image-917\" alt=\"\" srcset=\"https:\/\/ebu-baudeko.de\/wp-content\/uploads\/2021\/01\/IMG-20200529-WA0012_-150x150.jpg 150w, https:\/\/ebu-baudeko.de\/wp-content\/uploads\/2021\/01\/IMG-20200529-WA0012_-1x1.jpg 1w\" sizes=\"(max-width: 150px) 100vw, 150px\" \/><\/figure><div class=\"elementor-image-box-content\"><h3 class=\"elementor-image-box-title\">Tapezierung<\/h3><p class=\"elementor-image-box-description\">Egal ob Rauhfaser, Muster-, Struktur- oder Fototapete, wir bieten Ihnen die fachgerechte Tapezierung an.<\/p><\/div><\/div>\t\t<\/div>\n\t\t\t\t<\/div>\n\t\t\t\t\t<\/div>\n\t\t<\/div>\n\t\t\t\t<div class=\"elementor-column elementor-col-20 elementor-top-column elementor-element elementor-element-f7d90f0\" data-id=\"f7d90f0\" data-element_type=\"column\">\n\t\t\t<div class=\"elementor-widget-wrap elementor-element-populated\">\n\t\t\t\t\t\t\t\t<div class=\"elementor-element elementor-element-c441752 elementor-position-top elementor-widget elementor-widget-image-box\" data-id=\"c441752\" data-element_type=\"widget\" data-widget_type=\"image-box.default\">\n\t\t\t\t<div class=\"elementor-widget-container\">\n\t\t\t<div class=\"elementor-image-box-wrapper\"><figure class=\"elementor-image-box-img\"><img decoding=\"async\" width=\"150\" height=\"150\" src=\"https:\/\/ebu-baudeko.de\/wp-content\/uploads\/2021\/01\/002-150x150.jpg\" class=\"attachment-thumbnail size-thumbnail wp-image-923\" alt=\"\" srcset=\"https:\/\/ebu-baudeko.de\/wp-content\/uploads\/2021\/01\/002-150x150.jpg 150w, https:\/\/ebu-baudeko.de\/wp-content\/uploads\/2021\/01\/002-1x1.jpg 1w\" sizes=\"(max-width: 150px) 100vw, 150px\" \/><\/figure><div class=\"elementor-image-box-content\"><h3 class=\"elementor-image-box-title\">Innen- und Au\u00dfenputz<\/h3><p class=\"elementor-image-box-description\">Zu unserem umfangreichen Leistungsspektrum z\u00e4hlen auch Putzarbeiten im Innen- und Au\u00dfenbereich.<\/p><\/div><\/div>\t\t<\/div>\n\t\t\t\t<\/div>\n\t\t\t\t\t<\/div>\n\t\t<\/div>\n\t\t\t\t<div class=\"elementor-column elementor-col-20 elementor-top-column elementor-element elementor-element-4a7c95c\" data-id=\"4a7c95c\" data-element_type=\"column\">\n\t\t\t<div class=\"elementor-widget-wrap elementor-element-populated\">\n\t\t\t\t\t\t\t\t<div class=\"elementor-element elementor-element-c5d7dde elementor-position-top elementor-widget elementor-widget-image-box\" data-id=\"c5d7dde\" data-element_type=\"widget\" data-widget_type=\"image-box.default\">\n\t\t\t\t<div class=\"elementor-widget-container\">\n\t\t\t<div class=\"elementor-image-box-wrapper\"><figure class=\"elementor-image-box-img\"><img loading=\"lazy\" decoding=\"async\" width=\"150\" height=\"150\" src=\"https:\/\/ebu-baudeko.de\/wp-content\/uploads\/2021\/01\/47-150x150.jpg\" class=\"attachment-thumbnail size-thumbnail wp-image-922\" alt=\"\" srcset=\"https:\/\/ebu-baudeko.de\/wp-content\/uploads\/2021\/01\/47-150x150.jpg 150w, https:\/\/ebu-baudeko.de\/wp-content\/uploads\/2021\/01\/47-1x1.jpg 1w\" sizes=\"(max-width: 150px) 100vw, 150px\" \/><\/figure><div class=\"elementor-image-box-content\"><h3 class=\"elementor-image-box-title\">Trockenbau<\/h3><p class=\"elementor-image-box-description\">Von abgeh\u00e4ngten Decken bis zu Trennw\u00e4nden gestalten wir f\u00fcr Sie R\u00e4ume und Decken ganz nach Ihren W\u00fcnschen.<\/p><\/div><\/div>\t\t<\/div>\n\t\t\t\t<\/div>\n\t\t\t\t\t<\/div>\n\t\t<\/div>\n\t\t\t\t<div class=\"elementor-column elementor-col-20 elementor-top-column elementor-element elementor-element-4942a3e\" data-id=\"4942a3e\" data-element_type=\"column\">\n\t\t\t<div class=\"elementor-widget-wrap elementor-element-populated\">\n\t\t\t\t\t\t\t\t<div class=\"elementor-element elementor-element-5fd3868 elementor-position-top elementor-widget elementor-widget-image-box\" data-id=\"5fd3868\" data-element_type=\"widget\" data-widget_type=\"image-box.default\">\n\t\t\t\t<div class=\"elementor-widget-container\">\n\t\t\t<div class=\"elementor-image-box-wrapper\"><figure class=\"elementor-image-box-img\"><img loading=\"lazy\" decoding=\"async\" width=\"150\" height=\"150\" src=\"https:\/\/ebu-baudeko.de\/wp-content\/uploads\/2021\/01\/IMG-20201231-WA0023_-150x150.jpg\" class=\"attachment-thumbnail size-thumbnail wp-image-932\" alt=\"\" srcset=\"https:\/\/ebu-baudeko.de\/wp-content\/uploads\/2021\/01\/IMG-20201231-WA0023_-150x150.jpg 150w, https:\/\/ebu-baudeko.de\/wp-content\/uploads\/2021\/01\/IMG-20201231-WA0023_-1x1.jpg 1w\" sizes=\"(max-width: 150px) 100vw, 150px\" \/><\/figure><div class=\"elementor-image-box-content\"><h3 class=\"elementor-image-box-title\">W\u00e4rmed\u00e4mmverbund-systeme (WDVS)<\/h3><p class=\"elementor-image-box-description\">Wir beraten Sie gerne bei der Auswahl der richtigen W\u00e4rmed\u00e4mmung<\/p><\/div><\/div>\t\t<\/div>\n\t\t\t\t<\/div>\n\t\t\t\t\t<\/div>\n\t\t<\/div>\n\t\t\t\t<div class=\"elementor-column elementor-col-20 elementor-top-column elementor-element elementor-element-a76cbb8\" data-id=\"a76cbb8\" data-element_type=\"column\">\n\t\t\t<div class=\"elementor-widget-wrap elementor-element-populated\">\n\t\t\t\t\t\t\t\t<div class=\"elementor-element elementor-element-047826c elementor-position-top elementor-widget elementor-widget-image-box\" data-id=\"047826c\" data-element_type=\"widget\" data-widget_type=\"image-box.default\">\n\t\t\t\t<div class=\"elementor-widget-container\">\n\t\t\t<div class=\"elementor-image-box-wrapper\"><figure class=\"elementor-image-box-img\"><img loading=\"lazy\" decoding=\"async\" width=\"150\" height=\"150\" src=\"https:\/\/ebu-baudeko.de\/wp-content\/uploads\/2021\/01\/020-150x150.jpg\" class=\"attachment-thumbnail size-thumbnail wp-image-925\" alt=\"\" srcset=\"https:\/\/ebu-baudeko.de\/wp-content\/uploads\/2021\/01\/020-150x150.jpg 150w, https:\/\/ebu-baudeko.de\/wp-content\/uploads\/2021\/01\/020-1x1.jpg 1w\" sizes=\"(max-width: 150px) 100vw, 150px\" \/><\/figure><div class=\"elementor-image-box-content\"><h3 class=\"elementor-image-box-title\">Fassadensanierung<\/h3><p class=\"elementor-image-box-description\">Wir f\u00fchren Fassaden-sanierungen von kleinen H\u00e4usern bis hin zu gro\u00dfen Geb\u00e4udekomplexen durch.<\/p><\/div><\/div>\t\t<\/div>\n\t\t\t\t<\/div>\n\t\t\t\t\t<\/div>\n\t\t<\/div>\n\t\t\t\t\t\t\t<\/div>\n\t\t<\/section>\n\t\t\t\t<section class=\"elementor-section elementor-top-section elementor-element elementor-element-689feeb elementor-section-boxed elementor-section-height-default elementor-section-height-default\" data-id=\"689feeb\" data-element_type=\"section\">\n\t\t\t\t\t\t<div class=\"elementor-container elementor-column-gap-default\">\n\t\t\t\t\t<div class=\"elementor-column elementor-col-20 elementor-top-column elementor-element elementor-element-e570e3c\" data-id=\"e570e3c\" data-element_type=\"column\">\n\t\t\t<div class=\"elementor-widget-wrap elementor-element-populated\">\n\t\t\t\t\t\t\t\t<div class=\"elementor-element elementor-element-dd8ed17 elementor-position-top elementor-widget elementor-widget-image-box\" data-id=\"dd8ed17\" data-element_type=\"widget\" data-widget_type=\"image-box.default\">\n\t\t\t\t<div class=\"elementor-widget-container\">\n\t\t\t<div class=\"elementor-image-box-wrapper\"><figure class=\"elementor-image-box-img\"><img loading=\"lazy\" decoding=\"async\" width=\"150\" height=\"150\" src=\"https:\/\/ebu-baudeko.de\/wp-content\/uploads\/2021\/01\/IMG-20201231-WA0014_-150x150.jpg\" class=\"attachment-thumbnail size-thumbnail wp-image-934\" alt=\"\" srcset=\"https:\/\/ebu-baudeko.de\/wp-content\/uploads\/2021\/01\/IMG-20201231-WA0014_-150x150.jpg 150w, https:\/\/ebu-baudeko.de\/wp-content\/uploads\/2021\/01\/IMG-20201231-WA0014_-1x1.jpg 1w\" sizes=\"(max-width: 150px) 100vw, 150px\" \/><\/figure><div class=\"elementor-image-box-content\"><h3 class=\"elementor-image-box-title\">Maler- und Lackierarbeiten<\/h3><p class=\"elementor-image-box-description\">Als Meisterbetrieb bieten wir Ihnen eine gro\u00dfe Anzahl von Leistungen zuverl\u00e4ssig aus einer Hand an.<\/p><\/div><\/div>\t\t<\/div>\n\t\t\t\t<\/div>\n\t\t\t\t\t<\/div>\n\t\t<\/div>\n\t\t\t\t<div class=\"elementor-column elementor-col-20 elementor-top-column elementor-element elementor-element-de88716\" data-id=\"de88716\" data-element_type=\"column\">\n\t\t\t<div class=\"elementor-widget-wrap elementor-element-populated\">\n\t\t\t\t\t\t\t\t<div class=\"elementor-element elementor-element-402e199 elementor-position-top elementor-widget elementor-widget-image-box\" data-id=\"402e199\" data-element_type=\"widget\" data-widget_type=\"image-box.default\">\n\t\t\t\t<div class=\"elementor-widget-container\">\n\t\t\t<div class=\"elementor-image-box-wrapper\"><figure class=\"elementor-image-box-img\"><img loading=\"lazy\" decoding=\"async\" width=\"150\" height=\"150\" src=\"https:\/\/ebu-baudeko.de\/wp-content\/uploads\/2021\/01\/IMG-20200529-WA0007_-150x150.jpg\" class=\"attachment-thumbnail size-thumbnail wp-image-935\" alt=\"\" srcset=\"https:\/\/ebu-baudeko.de\/wp-content\/uploads\/2021\/01\/IMG-20200529-WA0007_-150x150.jpg 150w, https:\/\/ebu-baudeko.de\/wp-content\/uploads\/2021\/01\/IMG-20200529-WA0007_-1x1.jpg 1w\" sizes=\"(max-width: 150px) 100vw, 150px\" \/><\/figure><div class=\"elementor-image-box-content\"><h3 class=\"elementor-image-box-title\">W\u00e4rmeschutzberechnung<\/h3><p class=\"elementor-image-box-description\">Nutzen Sie unseren Service der W\u00e4remeschutz-berechnung nach EnEV.<\/p><\/div><\/div>\t\t<\/div>\n\t\t\t\t<\/div>\n\t\t\t\t\t<\/div>\n\t\t<\/div>\n\t\t\t\t<div class=\"elementor-column elementor-col-20 elementor-top-column elementor-element elementor-element-a6e318a\" data-id=\"a6e318a\" data-element_type=\"column\">\n\t\t\t<div class=\"elementor-widget-wrap elementor-element-populated\">\n\t\t\t\t\t\t\t\t<div class=\"elementor-element elementor-element-d33d753 elementor-position-top elementor-widget elementor-widget-image-box\" data-id=\"d33d753\" data-element_type=\"widget\" data-widget_type=\"image-box.default\">\n\t\t\t\t<div class=\"elementor-widget-container\">\n\t\t\t<div class=\"elementor-image-box-wrapper\"><figure class=\"elementor-image-box-img\"><img loading=\"lazy\" decoding=\"async\" width=\"150\" height=\"150\" src=\"https:\/\/ebu-baudeko.de\/wp-content\/uploads\/2021\/01\/IMG-20200725-WA0000_-150x150.jpg\" class=\"attachment-thumbnail size-thumbnail wp-image-926\" alt=\"\" srcset=\"https:\/\/ebu-baudeko.de\/wp-content\/uploads\/2021\/01\/IMG-20200725-WA0000_-150x150.jpg 150w, https:\/\/ebu-baudeko.de\/wp-content\/uploads\/2021\/01\/IMG-20200725-WA0000_-1x1.jpg 1w\" sizes=\"(max-width: 150px) 100vw, 150px\" \/><\/figure><div class=\"elementor-image-box-content\"><h3 class=\"elementor-image-box-title\">Dekorative Oberfl\u00e4chengestaltung<\/h3><p class=\"elementor-image-box-description\">Wir realisieren f\u00fcr Sie individuelle und dekorative Oberfl\u00e4chengestaltung.<\/p><\/div><\/div>\t\t<\/div>\n\t\t\t\t<\/div>\n\t\t\t\t\t<\/div>\n\t\t<\/div>\n\t\t\t\t<div class=\"elementor-column elementor-col-20 elementor-top-column elementor-element elementor-element-b12c9f0\" data-id=\"b12c9f0\" data-element_type=\"column\">\n\t\t\t<div class=\"elementor-widget-wrap elementor-element-populated\">\n\t\t\t\t\t\t\t\t<div class=\"elementor-element elementor-element-0d49c0d elementor-position-top elementor-widget elementor-widget-image-box\" data-id=\"0d49c0d\" data-element_type=\"widget\" data-widget_type=\"image-box.default\">\n\t\t\t\t<div class=\"elementor-widget-container\">\n\t\t\t<div class=\"elementor-image-box-wrapper\"><figure class=\"elementor-image-box-img\"><img loading=\"lazy\" decoding=\"async\" width=\"150\" height=\"150\" src=\"https:\/\/ebu-baudeko.de\/wp-content\/uploads\/2021\/01\/IMG-20200529-WA0002_-150x150.jpg\" class=\"attachment-thumbnail size-thumbnail wp-image-916\" alt=\"Leistungen\" srcset=\"https:\/\/ebu-baudeko.de\/wp-content\/uploads\/2021\/01\/IMG-20200529-WA0002_-150x150.jpg 150w, https:\/\/ebu-baudeko.de\/wp-content\/uploads\/2021\/01\/IMG-20200529-WA0002_-1x1.jpg 1w\" sizes=\"(max-width: 150px) 100vw, 150px\" \/><\/figure><div class=\"elementor-image-box-content\"><h3 class=\"elementor-image-box-title\">Altbausanierung<\/h3><p class=\"elementor-image-box-description\">Profitieren Sie von unserer langj\u00e4hrigen professionellen Erfahrungen insbesondere bei der Altbausanierung.<\/p><\/div><\/div>\t\t<\/div>\n\t\t\t\t<\/div>\n\t\t\t\t\t<\/div>\n\t\t<\/div>\n\t\t\t\t<div class=\"elementor-column elementor-col-20 elementor-top-column elementor-element elementor-element-acc3d39\" data-id=\"acc3d39\" data-element_type=\"column\">\n\t\t\t<div class=\"elementor-widget-wrap elementor-element-populated\">\n\t\t\t\t\t\t\t\t<div class=\"elementor-element elementor-element-033a27d elementor-position-top elementor-widget elementor-widget-image-box\" data-id=\"033a27d\" data-element_type=\"widget\" data-widget_type=\"image-box.default\">\n\t\t\t\t<div class=\"elementor-widget-container\">\n\t\t\t<div class=\"elementor-image-box-wrapper\"><figure class=\"elementor-image-box-img\"><img loading=\"lazy\" decoding=\"async\" width=\"150\" height=\"150\" src=\"https:\/\/ebu-baudeko.de\/wp-content\/uploads\/2021\/01\/IMG-20201231-WA0031_-150x150.jpg\" class=\"attachment-thumbnail size-thumbnail wp-image-915\" alt=\"Leistungen\" srcset=\"https:\/\/ebu-baudeko.de\/wp-content\/uploads\/2021\/01\/IMG-20201231-WA0031_-150x150.jpg 150w, https:\/\/ebu-baudeko.de\/wp-content\/uploads\/2021\/01\/IMG-20201231-WA0031_-1x1.jpg 1w\" sizes=\"(max-width: 150px) 100vw, 150px\" \/><\/figure><div class=\"elementor-image-box-content\"><h3 class=\"elementor-image-box-title\">Bodenbel\u00e4ge<\/h3><p class=\"elementor-image-box-description\">Ganz nach Ihren w\u00fcnschen verlegen wir f\u00fcr Sie Designbel\u00e4ge, Laminat, Fertigparkett oder Teppichb\u00f6den.<\/p><\/div><\/div>\t\t<\/div>\n\t\t\t\t<\/div>\n\t\t\t\t\t<\/div>\n\t\t<\/div>\n\t\t\t\t\t\t\t<\/div>\n\t\t<\/section>\n\t\t\t\t\t\t\t<\/div>\n\t\t","protected":false},"excerpt":{"rendered":"<p>Tapezierung Egal ob Rauhfaser, Muster-, Struktur- oder Fototapete, wir bieten Ihnen die fachgerechte Tapezierung an. Innen- und Au\u00dfenputz Zu unserem umfangreichen Leistungsspektrum z\u00e4hlen auch Putzarbeiten im Innen- und Au\u00dfenbereich. Trockenbau Von abgeh\u00e4ngten Decken bis zu Trennw\u00e4nden gestalten wir f\u00fcr Sie R\u00e4ume und Decken ganz nach Ihren W\u00fcnschen. W\u00e4rmed\u00e4mmverbund-systeme (WDVS) Wir beraten Sie gerne bei der&#8230;<\/p>\n","protected":false},"author":1,"featured_media":0,"parent":0,"menu_order":1,"comment_status":"closed","ping_status":"closed","template":"elementor_header_footer","meta":{"footnotes":""},"aioseo_notices":[],"_links":{"self":[{"href":"https:\/\/ebu-baudeko.de\/index.php?rest_route=\/wp\/v2\/pages\/283"}],"collection":[{"href":"https:\/\/ebu-baudeko.de\/index.php?rest_route=\/wp\/v2\/pages"}],"about":[{"href":"https:\/\/ebu-baudeko.de\/index.php?rest_route=\/wp\/v2\/types\/page"}],"author":[{"embeddable":true,"href":"https:\/\/ebu-baudeko.de\/index.php?rest_route=\/wp\/v2\/users\/1"}],"replies":[{"embeddable":true,"href":"https:\/\/ebu-baudeko.de\/index.php?rest_route=%2Fwp%2Fv2%2Fcomments&post=283"}],"version-history":[{"count":36,"href":"https:\/\/ebu-baudeko.de\/index.php?rest_route=\/wp\/v2\/pages\/283\/revisions"}],"predecessor-version":[{"id":943,"href":"https:\/\/ebu-baudeko.de\/index.php?rest_route=\/wp\/v2\/pages\/283\/revisions\/943"}],"wp:attachment":[{"href":"https:\/\/ebu-baudeko.de\/index.php?rest_route=%2Fwp%2Fv2%2Fmedia&parent=283"}],"curies":[{"name":"wp","href":"https:\/\/api.w.org\/{rel}","templated":true}]}}